{"id":31170,"date":"2019-04-11T17:00:27","date_gmt":"2019-04-11T15:00:27","guid":{"rendered":"https:\/\/www.pittini.it\/sustainability\/green-steel\/"},"modified":"2024-07-08T10:20:31","modified_gmt":"2024-07-08T08:20:31","slug":"green-steel","status":"publish","type":"page","link":"https:\/\/www.pittini.it\/en\/sustainability\/green-steel\/","title":{"rendered":"Green Steel"},"content":{"rendered":"<p style=\"text-align: justify;\">L&#8217;impegno del Gruppo Pittini in materia di sostenibilit\u00e0 si \u00e8 concretizzato nel corso degli anni attraverso una lunga serie di attivit\u00e0. <strong>Green Steel<\/strong> rappresenta un progetto di ampio respiro che mette la <strong>tutela ambientale<\/strong> in primo piano.<\/p>\n<p style=\"text-align: justify;\">Green Steel riguarda lo stabilimento di Potenza e identifica un programma d&#8217;investimenti costituito da una serie di complessi interventi il cui comune denominatore \u00e8 il miglioramento degli effetti dell&#8217;attivit\u00e0 produttiva sull&#8217;ambiente, con particolare riferimento:<\/p>\n<ul>\n<li>alla razionalizzazione del consumo delle acque;<\/li>\n<li>alla riduzione delle emissioni in atmosfera;<\/li>\n<li>all&#8217;incremento dell&#8217;efficienza energetica;<\/li>\n<li>al miglioramento dell\u2019impatto acustico;<\/li>\n<li>alla copertura dell&#8217;area dedicata al deposito \u00a0del materiale ferroso.<\/li>\n<\/ul>\n<p style=\"text-align: justify; font-size: 13pt; line-height: 16pt;\">Si tratta di misure che innalzeranno il livello di tutela ambientale oltre quanto stabilito dalla Commissione Europea con la &#8220;Decisione di esecuzione 2012\/135\/UE&#8221; del 28 febbraio 2012 che stabilisce le conclusioni sulle migliori tecniche disponibili (<strong>BAT &#8211; Best Available Techniques<\/strong>) per la produzione di ferro e acciaio.<\/p>\n<p style=\"text-align: justify; font-size: 13pt; line-height: 16pt;\">Progetto cofinanziato dall&#8217;Unione Europea, Fondo Europeo di Sviluppo Regionale &#8211; Programma Operativo Imprese e Competitivit\u00e0 2014-2020.<\/p>\n<p><img loading=\"lazy\" decoding=\"async\" class=\"alignnone size-large wp-image-15122\" src=\"https:\/\/www.pittini.it\/wp-content\/uploads\/Gruppo-Pittini-loghi-progetti-imprese-1024x142.jpg\" alt=\"\" width=\"940\" height=\"130\" \/><\/p>\n<p style=\"text-align: justify;\">Misura gestita da:<\/p>\n<p><img decoding=\"async\" class=\"alignnone\" src=\"https:\/\/www.pittini.it\/wp-content\/uploads\/Gruppo-Pittini-logo-invitalia.png\" alt=\"\" width=\"155\" \/><\/p>\n<p style=\"text-align: justify; font-size: 14pt; line-height: 16pt;\"><strong>Di seguito il dettaglio per ogni area d&#8217;intervento:<\/strong><\/p>\n","protected":false},"excerpt":{"rendered":"<p>L&#8217;impegno del Gruppo Pittini in materia di sostenibilit\u00e0 si \u00e8 concretizzato nel corso degli anni attraverso una lunga serie di [&hellip;]<\/p>\n","protected":false},"author":14,"featured_media":30811,"parent":34536,"menu_order":7,"comment_status":"closed","ping_status":"closed","template":"page-flexible.php","meta":{"_acf_changed":false,"footnotes":""},"class_list":["post-31170","page","type-page","status-publish","has-post-thumbnail","hentry"],"acf":[],"yoast_head":"<!-- This site is optimized with the Yoast SEO plugin v27.3 - https:\/\/yoast.com\/product\/yoast-seo-wordpress\/ -->\n<title>Green Steel, our green investments - Pittini Group<\/title>\n<meta name=\"description\" content=\"The Green Steel environmental protection project aims to improve the impact of production on the environment. Find out now.\" \/>\n<meta name=\"robots\" content=\"index, follow, max-snippet:-1, max-image-preview:large, max-video-preview:-1\" \/>\n<link rel=\"canonical\" href=\"https:\/\/www.pittini.it\/en\/sustainability\/green-steel\/\" \/>\n<meta property=\"og:locale\" content=\"en_US\" \/>\n<meta property=\"og:type\" content=\"article\" \/>\n<meta property=\"og:title\" content=\"Green Steel, our green investments - Pittini Group\" \/>\n<meta property=\"og:description\" content=\"The Green Steel environmental protection project aims to improve the impact of production on the environment. Find out now.\" \/>\n<meta property=\"og:url\" content=\"https:\/\/www.pittini.it\/en\/sustainability\/green-steel\/\" \/>\n<meta property=\"og:site_name\" content=\"Pittini Group\" \/>\n<meta property=\"article:modified_time\" content=\"2024-07-08T08:20:31+00:00\" \/>\n<meta property=\"og:image\" content=\"https:\/\/www.pittini.it\/wp-content\/uploads\/Gruppo-pittini-green-steel.jpg\" \/>\n\t<meta property=\"og:image:width\" content=\"2000\" \/>\n\t<meta property=\"og:image:height\" content=\"802\" \/>\n\t<meta property=\"og:image:type\" content=\"image\/jpeg\" \/>\n<meta name=\"twitter:label1\" content=\"Est. reading time\" \/>\n\t<meta name=\"twitter:data1\" content=\"1 minute\" \/>\n<script type=\"application\/ld+json\" class=\"yoast-schema-graph\">{\"@context\":\"https:\\\/\\\/schema.org\",\"@graph\":[{\"@type\":\"WebPage\",\"@id\":\"https:\\\/\\\/www.pittini.it\\\/en\\\/sustainability\\\/green-steel\\\/\",\"url\":\"https:\\\/\\\/www.pittini.it\\\/en\\\/sustainability\\\/green-steel\\\/\",\"name\":\"Green Steel, our green investments - Pittini Group\",\"isPartOf\":{\"@id\":\"https:\\\/\\\/www.pittini.it\\\/en\\\/#website\"},\"primaryImageOfPage\":{\"@id\":\"https:\\\/\\\/www.pittini.it\\\/en\\\/sustainability\\\/green-steel\\\/#primaryimage\"},\"image\":{\"@id\":\"https:\\\/\\\/www.pittini.it\\\/en\\\/sustainability\\\/green-steel\\\/#primaryimage\"},\"thumbnailUrl\":\"https:\\\/\\\/www.pittini.it\\\/wp-content\\\/uploads\\\/Gruppo-pittini-green-steel.jpg\",\"datePublished\":\"2019-04-11T15:00:27+00:00\",\"dateModified\":\"2024-07-08T08:20:31+00:00\",\"description\":\"The Green Steel environmental protection project aims to improve the impact of production on the environment. Find out now.\",\"breadcrumb\":{\"@id\":\"https:\\\/\\\/www.pittini.it\\\/en\\\/sustainability\\\/green-steel\\\/#breadcrumb\"},\"inLanguage\":\"en-US\",\"potentialAction\":[{\"@type\":\"ReadAction\",\"target\":[\"https:\\\/\\\/www.pittini.it\\\/en\\\/sustainability\\\/green-steel\\\/\"]}]},{\"@type\":\"ImageObject\",\"inLanguage\":\"en-US\",\"@id\":\"https:\\\/\\\/www.pittini.it\\\/en\\\/sustainability\\\/green-steel\\\/#primaryimage\",\"url\":\"https:\\\/\\\/www.pittini.it\\\/wp-content\\\/uploads\\\/Gruppo-pittini-green-steel.jpg\",\"contentUrl\":\"https:\\\/\\\/www.pittini.it\\\/wp-content\\\/uploads\\\/Gruppo-pittini-green-steel.jpg\",\"width\":2000,\"height\":802,\"caption\":\"green steel\"},{\"@type\":\"BreadcrumbList\",\"@id\":\"https:\\\/\\\/www.pittini.it\\\/en\\\/sustainability\\\/green-steel\\\/#breadcrumb\",\"itemListElement\":[{\"@type\":\"ListItem\",\"position\":1,\"name\":\"Home\",\"item\":\"https:\\\/\\\/www.pittini.it\\\/en\\\/\"},{\"@type\":\"ListItem\",\"position\":2,\"name\":\"Sustainability\",\"item\":\"https:\\\/\\\/www.pittini.it\\\/en\\\/sustainability\\\/\"},{\"@type\":\"ListItem\",\"position\":3,\"name\":\"Green Steel\"}]},{\"@type\":\"WebSite\",\"@id\":\"https:\\\/\\\/www.pittini.it\\\/en\\\/#website\",\"url\":\"https:\\\/\\\/www.pittini.it\\\/en\\\/\",\"name\":\"Pittini Group\",\"description\":\"A group of companies that manage to cover all the production process\",\"potentialAction\":[{\"@type\":\"SearchAction\",\"target\":{\"@type\":\"EntryPoint\",\"urlTemplate\":\"https:\\\/\\\/www.pittini.it\\\/en\\\/?s={search_term_string}\"},\"query-input\":{\"@type\":\"PropertyValueSpecification\",\"valueRequired\":true,\"valueName\":\"search_term_string\"}}],\"inLanguage\":\"en-US\"}]}<\/script>\n<!-- \/ Yoast SEO plugin. -->","yoast_head_json":{"title":"Green Steel, our green investments - Pittini Group","description":"The Green Steel environmental protection project aims to improve the impact of production on the environment. Find out now.","robots":{"index":"index","follow":"follow","max-snippet":"max-snippet:-1","max-image-preview":"max-image-preview:large","max-video-preview":"max-video-preview:-1"},"canonical":"https:\/\/www.pittini.it\/en\/sustainability\/green-steel\/","og_locale":"en_US","og_type":"article","og_title":"Green Steel, our green investments - Pittini Group","og_description":"The Green Steel environmental protection project aims to improve the impact of production on the environment. Find out now.","og_url":"https:\/\/www.pittini.it\/en\/sustainability\/green-steel\/","og_site_name":"Pittini Group","article_modified_time":"2024-07-08T08:20:31+00:00","og_image":[{"width":2000,"height":802,"url":"https:\/\/www.pittini.it\/wp-content\/uploads\/Gruppo-pittini-green-steel.jpg","type":"image\/jpeg"}],"twitter_misc":{"Est. reading time":"1 minute"},"schema":{"@context":"https:\/\/schema.org","@graph":[{"@type":"WebPage","@id":"https:\/\/www.pittini.it\/en\/sustainability\/green-steel\/","url":"https:\/\/www.pittini.it\/en\/sustainability\/green-steel\/","name":"Green Steel, our green investments - Pittini Group","isPartOf":{"@id":"https:\/\/www.pittini.it\/en\/#website"},"primaryImageOfPage":{"@id":"https:\/\/www.pittini.it\/en\/sustainability\/green-steel\/#primaryimage"},"image":{"@id":"https:\/\/www.pittini.it\/en\/sustainability\/green-steel\/#primaryimage"},"thumbnailUrl":"https:\/\/www.pittini.it\/wp-content\/uploads\/Gruppo-pittini-green-steel.jpg","datePublished":"2019-04-11T15:00:27+00:00","dateModified":"2024-07-08T08:20:31+00:00","description":"The Green Steel environmental protection project aims to improve the impact of production on the environment. Find out now.","breadcrumb":{"@id":"https:\/\/www.pittini.it\/en\/sustainability\/green-steel\/#breadcrumb"},"inLanguage":"en-US","potentialAction":[{"@type":"ReadAction","target":["https:\/\/www.pittini.it\/en\/sustainability\/green-steel\/"]}]},{"@type":"ImageObject","inLanguage":"en-US","@id":"https:\/\/www.pittini.it\/en\/sustainability\/green-steel\/#primaryimage","url":"https:\/\/www.pittini.it\/wp-content\/uploads\/Gruppo-pittini-green-steel.jpg","contentUrl":"https:\/\/www.pittini.it\/wp-content\/uploads\/Gruppo-pittini-green-steel.jpg","width":2000,"height":802,"caption":"green steel"},{"@type":"BreadcrumbList","@id":"https:\/\/www.pittini.it\/en\/sustainability\/green-steel\/#breadcrumb","itemListElement":[{"@type":"ListItem","position":1,"name":"Home","item":"https:\/\/www.pittini.it\/en\/"},{"@type":"ListItem","position":2,"name":"Sustainability","item":"https:\/\/www.pittini.it\/en\/sustainability\/"},{"@type":"ListItem","position":3,"name":"Green Steel"}]},{"@type":"WebSite","@id":"https:\/\/www.pittini.it\/en\/#website","url":"https:\/\/www.pittini.it\/en\/","name":"Pittini Group","description":"A group of companies that manage to cover all the production process","potentialAction":[{"@type":"SearchAction","target":{"@type":"EntryPoint","urlTemplate":"https:\/\/www.pittini.it\/en\/?s={search_term_string}"},"query-input":{"@type":"PropertyValueSpecification","valueRequired":true,"valueName":"search_term_string"}}],"inLanguage":"en-US"}]}},"_links":{"self":[{"href":"https:\/\/www.pittini.it\/en\/wp-json\/wp\/v2\/pages\/31170","targetHints":{"allow":["GET"]}}],"collection":[{"href":"https:\/\/www.pittini.it\/en\/wp-json\/wp\/v2\/pages"}],"about":[{"href":"https:\/\/www.pittini.it\/en\/wp-json\/wp\/v2\/types\/page"}],"author":[{"embeddable":true,"href":"https:\/\/www.pittini.it\/en\/wp-json\/wp\/v2\/users\/14"}],"replies":[{"embeddable":true,"href":"https:\/\/www.pittini.it\/en\/wp-json\/wp\/v2\/comments?post=31170"}],"version-history":[{"count":8,"href":"https:\/\/www.pittini.it\/en\/wp-json\/wp\/v2\/pages\/31170\/revisions"}],"predecessor-version":[{"id":34916,"href":"https:\/\/www.pittini.it\/en\/wp-json\/wp\/v2\/pages\/31170\/revisions\/34916"}],"up":[{"embeddable":true,"href":"https:\/\/www.pittini.it\/en\/wp-json\/wp\/v2\/pages\/34536"}],"wp:featuredmedia":[{"embeddable":true,"href":"https:\/\/www.pittini.it\/en\/wp-json\/wp\/v2\/media\/30811"}],"wp:attachment":[{"href":"https:\/\/www.pittini.it\/en\/wp-json\/wp\/v2\/media?parent=31170"}],"curies":[{"name":"wp","href":"https:\/\/api.w.org\/{rel}","templated":true}]}}