{"id":31739,"date":"2020-07-09T11:47:59","date_gmt":"2020-07-09T09:47:59","guid":{"rendered":"https:\/\/www.pittini.it\/?page_id=31739"},"modified":"2023-08-28T17:32:08","modified_gmt":"2023-08-28T15:32:08","slug":"prompt","status":"publish","type":"page","link":"https:\/\/www.pittini.it\/en\/innovation\/research-development\/prompt\/","title":{"rendered":"PROMPT"},"content":{"rendered":"<p>&nbsp;<\/p>\n<p style=\"text-align: justify;\"><strong>PROMPT: Piattaforma Decisionale Manutenzione Processo e Prodotto<br \/>\n<\/strong><\/p>\n<p><em>Progetto finanziato dal PON &#8220;Ricerca e Innovazione&#8221; 2014-2020 e FSC &#8211; Asse II &#8211; Progetti tematici &#8211; Azione II.2 &#8211; Cluster tecnologici.<\/em><\/p>\n<p style=\"text-align: justify;\">Partenariato: Universit\u00e0 degli Studi della Basilicata; Universit\u00e0 degli Studi del Sannio di Benevento; Mosaico Monitoraggio Integrato S.r.l., Italdata S.p.A., Pasqualicchio S.r.l., KES S.r.l., Rina Consulting \u2013 Centro Sviluppo Materiali S.p.A.<\/p>\n<p style=\"text-align: justify;\">Il progetto PROMPT &#8211; <em>&#8220;Piattafo<strong>R<\/strong>ma decisi<strong>O<\/strong>nale\u00a0<strong>M<\/strong>anutenzione\u00a0<strong>P<\/strong>rocesso e prodo<strong>T<\/strong>to&#8221; &#8211; <\/em>ha come obiettivo lo sviluppo di una piattaforma software che costituisca un sistema di supporto alle decisioni (DSS) per gli operatori, che saranno coadiuvati dalla tecnologia digitale nella gestione dei processi, nelle pianificazioni industriali e nelle scelte produttive.<\/p>\n<p style=\"text-align: justify;\">Nell&#8217;ambito di questo progetto sar\u00e0 sviluppata una piattaforma open, modulare e scalare, che favorir\u00e0 l&#8217;interoperabilit\u00e0 tra dispositivi, capace di elaborare le informazioni raccolte e fornire all\u2019utente finale funzionalit\u00e0 specifiche per la <em>smart manufacturing<\/em>, tra le quali la manutenzione predittiva con l\u2019ausilio del Digital Twin.<\/p>\n<p style=\"text-align: justify;\">Il sistema che sar\u00e0 realizzato attraverso il progetto PROMPT sar\u00e0 dunque una piattaforma digitale integrata, capace di convogliare differenti funzionalit\u00e0 ed applicazioni in un&#8217;unica soluzione, con la finalit\u00e0 d&#8217;incentivare il processo evolutivo verso l&#8217;introduzione di tecnologie ICT e considerando sempre come cuore di ogni processo e di ogni decisione, la persona ed il ruolo fondamentale che essa riveste nell&#8217;organizzazione.<\/p>\n<p><img loading=\"lazy\" decoding=\"async\" class=\"alignnone size-thumbnail wp-image-19871\" src=\"https:\/\/www.pittini.it\/wp-content\/uploads\/Gruppo-Pittini-fsc.jpg\" alt=\"\" width=\"278\" height=\"165\" \/><\/p>\n<p><a href=\"https:\/\/www.ponricerca.gov.it\">www.ponricerca.gov.it<\/a><\/p>\n<p><a class=\"cta-dl\" href=\"https:\/\/www.pittini.it\/wp-content\/uploads\/Gruppo-Pittini-locandina-progetto-PROMPT.pdf\" target=\"_blank\" rel=\"noopener\">Scarica la locandina<\/a><\/p>\n","protected":false},"excerpt":{"rendered":"<p>&nbsp; PROMPT: Piattaforma Decisionale Manutenzione Processo e Prodotto Progetto finanziato dal PON &#8220;Ricerca e Innovazione&#8221; 2014-2020 e FSC &#8211; Asse [&hellip;]<\/p>\n","protected":false},"author":14,"featured_media":31546,"parent":8474,"menu_order":10,"comment_status":"closed","ping_status":"closed","template":"page-flexible.php","meta":{"_acf_changed":false,"footnotes":""},"class_list":["post-31739","page","type-page","status-publish","has-post-thumbnail","hentry"],"acf":[],"yoast_head":"<!-- This site is optimized with the Yoast SEO plugin v27.3 - https:\/\/yoast.com\/product\/yoast-seo-wordpress\/ -->\n<title>Prompt: Software for the Maintenance of Rolling Mills - Pittini Group<\/title>\n<meta name=\"description\" content=\"The project is aimed at creating a software platform for the Predictive Maintenance of Rolling Mills. Explore all the details.\" \/>\n<meta name=\"robots\" content=\"index, follow, max-snippet:-1, max-image-preview:large, max-video-preview:-1\" \/>\n<link rel=\"canonical\" href=\"https:\/\/www.pittini.it\/en\/innovation\/research-development\/prompt\/\" \/>\n<meta property=\"og:locale\" content=\"en_US\" \/>\n<meta property=\"og:type\" content=\"article\" \/>\n<meta property=\"og:title\" content=\"Prompt: Software for the Maintenance of Rolling Mills - Pittini Group\" \/>\n<meta property=\"og:description\" content=\"The project is aimed at creating a software platform for the Predictive Maintenance of Rolling Mills. Explore all the details.\" \/>\n<meta property=\"og:url\" content=\"https:\/\/www.pittini.it\/en\/innovation\/research-development\/prompt\/\" \/>\n<meta property=\"og:site_name\" content=\"Pittini Group\" \/>\n<meta property=\"article:modified_time\" content=\"2023-08-28T15:32:08+00:00\" \/>\n<meta property=\"og:image\" content=\"https:\/\/www.pittini.it\/wp-content\/uploads\/Gruppo-Pittini-progetto-ricerca-laminatoio-PROMPT.jpg\" \/>\n\t<meta property=\"og:image:width\" content=\"2000\" \/>\n\t<meta property=\"og:image:height\" content=\"802\" \/>\n\t<meta property=\"og:image:type\" content=\"image\/jpeg\" \/>\n<meta name=\"twitter:label1\" content=\"Est. reading time\" \/>\n\t<meta name=\"twitter:data1\" content=\"1 minute\" \/>\n<script type=\"application\/ld+json\" class=\"yoast-schema-graph\">{\"@context\":\"https:\\\/\\\/schema.org\",\"@graph\":[{\"@type\":\"WebPage\",\"@id\":\"https:\\\/\\\/www.pittini.it\\\/en\\\/innovation\\\/research-development\\\/prompt\\\/\",\"url\":\"https:\\\/\\\/www.pittini.it\\\/en\\\/innovation\\\/research-development\\\/prompt\\\/\",\"name\":\"Prompt: Software for the Maintenance of Rolling Mills - Pittini Group\",\"isPartOf\":{\"@id\":\"https:\\\/\\\/www.pittini.it\\\/en\\\/#website\"},\"primaryImageOfPage\":{\"@id\":\"https:\\\/\\\/www.pittini.it\\\/en\\\/innovation\\\/research-development\\\/prompt\\\/#primaryimage\"},\"image\":{\"@id\":\"https:\\\/\\\/www.pittini.it\\\/en\\\/innovation\\\/research-development\\\/prompt\\\/#primaryimage\"},\"thumbnailUrl\":\"https:\\\/\\\/www.pittini.it\\\/wp-content\\\/uploads\\\/Gruppo-Pittini-progetto-ricerca-laminatoio-PROMPT.jpg\",\"datePublished\":\"2020-07-09T09:47:59+00:00\",\"dateModified\":\"2023-08-28T15:32:08+00:00\",\"description\":\"The project is aimed at creating a software platform for the Predictive Maintenance of Rolling Mills. Explore all the details.\",\"breadcrumb\":{\"@id\":\"https:\\\/\\\/www.pittini.it\\\/en\\\/innovation\\\/research-development\\\/prompt\\\/#breadcrumb\"},\"inLanguage\":\"en-US\",\"potentialAction\":[{\"@type\":\"ReadAction\",\"target\":[\"https:\\\/\\\/www.pittini.it\\\/en\\\/innovation\\\/research-development\\\/prompt\\\/\"]}]},{\"@type\":\"ImageObject\",\"inLanguage\":\"en-US\",\"@id\":\"https:\\\/\\\/www.pittini.it\\\/en\\\/innovation\\\/research-development\\\/prompt\\\/#primaryimage\",\"url\":\"https:\\\/\\\/www.pittini.it\\\/wp-content\\\/uploads\\\/Gruppo-Pittini-progetto-ricerca-laminatoio-PROMPT.jpg\",\"contentUrl\":\"https:\\\/\\\/www.pittini.it\\\/wp-content\\\/uploads\\\/Gruppo-Pittini-progetto-ricerca-laminatoio-PROMPT.jpg\",\"width\":2000,\"height\":802,\"caption\":\"prompt\"},{\"@type\":\"BreadcrumbList\",\"@id\":\"https:\\\/\\\/www.pittini.it\\\/en\\\/innovation\\\/research-development\\\/prompt\\\/#breadcrumb\",\"itemListElement\":[{\"@type\":\"ListItem\",\"position\":1,\"name\":\"Home\",\"item\":\"https:\\\/\\\/www.pittini.it\\\/en\\\/\"},{\"@type\":\"ListItem\",\"position\":2,\"name\":\"Innovation\",\"item\":\"https:\\\/\\\/www.pittini.it\\\/en\\\/innovation\\\/\"},{\"@type\":\"ListItem\",\"position\":3,\"name\":\"Research &amp; Development\",\"item\":\"https:\\\/\\\/www.pittini.it\\\/en\\\/innovation\\\/research-development\\\/\"},{\"@type\":\"ListItem\",\"position\":4,\"name\":\"PROMPT\"}]},{\"@type\":\"WebSite\",\"@id\":\"https:\\\/\\\/www.pittini.it\\\/en\\\/#website\",\"url\":\"https:\\\/\\\/www.pittini.it\\\/en\\\/\",\"name\":\"Pittini Group\",\"description\":\"A group of companies that manage to cover all the production process\",\"potentialAction\":[{\"@type\":\"SearchAction\",\"target\":{\"@type\":\"EntryPoint\",\"urlTemplate\":\"https:\\\/\\\/www.pittini.it\\\/en\\\/?s={search_term_string}\"},\"query-input\":{\"@type\":\"PropertyValueSpecification\",\"valueRequired\":true,\"valueName\":\"search_term_string\"}}],\"inLanguage\":\"en-US\"}]}<\/script>\n<!-- \/ Yoast SEO plugin. -->","yoast_head_json":{"title":"Prompt: Software for the Maintenance of Rolling Mills - Pittini Group","description":"The project is aimed at creating a software platform for the Predictive Maintenance of Rolling Mills. Explore all the details.","robots":{"index":"index","follow":"follow","max-snippet":"max-snippet:-1","max-image-preview":"max-image-preview:large","max-video-preview":"max-video-preview:-1"},"canonical":"https:\/\/www.pittini.it\/en\/innovation\/research-development\/prompt\/","og_locale":"en_US","og_type":"article","og_title":"Prompt: Software for the Maintenance of Rolling Mills - Pittini Group","og_description":"The project is aimed at creating a software platform for the Predictive Maintenance of Rolling Mills. Explore all the details.","og_url":"https:\/\/www.pittini.it\/en\/innovation\/research-development\/prompt\/","og_site_name":"Pittini Group","article_modified_time":"2023-08-28T15:32:08+00:00","og_image":[{"width":2000,"height":802,"url":"https:\/\/www.pittini.it\/wp-content\/uploads\/Gruppo-Pittini-progetto-ricerca-laminatoio-PROMPT.jpg","type":"image\/jpeg"}],"twitter_misc":{"Est. reading time":"1 minute"},"schema":{"@context":"https:\/\/schema.org","@graph":[{"@type":"WebPage","@id":"https:\/\/www.pittini.it\/en\/innovation\/research-development\/prompt\/","url":"https:\/\/www.pittini.it\/en\/innovation\/research-development\/prompt\/","name":"Prompt: Software for the Maintenance of Rolling Mills - Pittini Group","isPartOf":{"@id":"https:\/\/www.pittini.it\/en\/#website"},"primaryImageOfPage":{"@id":"https:\/\/www.pittini.it\/en\/innovation\/research-development\/prompt\/#primaryimage"},"image":{"@id":"https:\/\/www.pittini.it\/en\/innovation\/research-development\/prompt\/#primaryimage"},"thumbnailUrl":"https:\/\/www.pittini.it\/wp-content\/uploads\/Gruppo-Pittini-progetto-ricerca-laminatoio-PROMPT.jpg","datePublished":"2020-07-09T09:47:59+00:00","dateModified":"2023-08-28T15:32:08+00:00","description":"The project is aimed at creating a software platform for the Predictive Maintenance of Rolling Mills. Explore all the details.","breadcrumb":{"@id":"https:\/\/www.pittini.it\/en\/innovation\/research-development\/prompt\/#breadcrumb"},"inLanguage":"en-US","potentialAction":[{"@type":"ReadAction","target":["https:\/\/www.pittini.it\/en\/innovation\/research-development\/prompt\/"]}]},{"@type":"ImageObject","inLanguage":"en-US","@id":"https:\/\/www.pittini.it\/en\/innovation\/research-development\/prompt\/#primaryimage","url":"https:\/\/www.pittini.it\/wp-content\/uploads\/Gruppo-Pittini-progetto-ricerca-laminatoio-PROMPT.jpg","contentUrl":"https:\/\/www.pittini.it\/wp-content\/uploads\/Gruppo-Pittini-progetto-ricerca-laminatoio-PROMPT.jpg","width":2000,"height":802,"caption":"prompt"},{"@type":"BreadcrumbList","@id":"https:\/\/www.pittini.it\/en\/innovation\/research-development\/prompt\/#breadcrumb","itemListElement":[{"@type":"ListItem","position":1,"name":"Home","item":"https:\/\/www.pittini.it\/en\/"},{"@type":"ListItem","position":2,"name":"Innovation","item":"https:\/\/www.pittini.it\/en\/innovation\/"},{"@type":"ListItem","position":3,"name":"Research &amp; Development","item":"https:\/\/www.pittini.it\/en\/innovation\/research-development\/"},{"@type":"ListItem","position":4,"name":"PROMPT"}]},{"@type":"WebSite","@id":"https:\/\/www.pittini.it\/en\/#website","url":"https:\/\/www.pittini.it\/en\/","name":"Pittini Group","description":"A group of companies that manage to cover all the production process","potentialAction":[{"@type":"SearchAction","target":{"@type":"EntryPoint","urlTemplate":"https:\/\/www.pittini.it\/en\/?s={search_term_string}"},"query-input":{"@type":"PropertyValueSpecification","valueRequired":true,"valueName":"search_term_string"}}],"inLanguage":"en-US"}]}},"_links":{"self":[{"href":"https:\/\/www.pittini.it\/en\/wp-json\/wp\/v2\/pages\/31739","targetHints":{"allow":["GET"]}}],"collection":[{"href":"https:\/\/www.pittini.it\/en\/wp-json\/wp\/v2\/pages"}],"about":[{"href":"https:\/\/www.pittini.it\/en\/wp-json\/wp\/v2\/types\/page"}],"author":[{"embeddable":true,"href":"https:\/\/www.pittini.it\/en\/wp-json\/wp\/v2\/users\/14"}],"replies":[{"embeddable":true,"href":"https:\/\/www.pittini.it\/en\/wp-json\/wp\/v2\/comments?post=31739"}],"version-history":[{"count":9,"href":"https:\/\/www.pittini.it\/en\/wp-json\/wp\/v2\/pages\/31739\/revisions"}],"predecessor-version":[{"id":32765,"href":"https:\/\/www.pittini.it\/en\/wp-json\/wp\/v2\/pages\/31739\/revisions\/32765"}],"up":[{"embeddable":true,"href":"https:\/\/www.pittini.it\/en\/wp-json\/wp\/v2\/pages\/8474"}],"wp:featuredmedia":[{"embeddable":true,"href":"https:\/\/www.pittini.it\/en\/wp-json\/wp\/v2\/media\/31546"}],"wp:attachment":[{"href":"https:\/\/www.pittini.it\/en\/wp-json\/wp\/v2\/media?parent=31739"}],"curies":[{"name":"wp","href":"https:\/\/api.w.org\/{rel}","templated":true}]}}